{"id":15857,"date":"2021-08-20T15:24:29","date_gmt":"2021-08-20T15:24:29","guid":{"rendered":"https:\/\/www.anettecarlstrom.com\/home\/?post_type=product&#038;p=15857"},"modified":"2021-08-20T20:18:17","modified_gmt":"2021-08-20T20:18:17","slug":"koshien-tasapainottaminen","status":"publish","type":"product","link":"https:\/\/www.anettecarlstrom.com\/home\/product\/koshien-tasapainottaminen\/","title":{"rendered":"Koshien tasapainottaminen"},"content":{"rendered":"<p>[et_pb_section fb_built=&#8221;1&#8243; _builder_version=&#8221;3.22&#8243; custom_padding=&#8221;0px||||false|false&#8221; global_colors_info=&#8221;{}&#8221;][et_pb_row _builder_version=&#8221;3.25&#8243; background_size=&#8221;initial&#8221; background_position=&#8221;top_left&#8221; background_repeat=&#8221;repeat&#8221; width=&#8221;100%&#8221; custom_padding=&#8221;0px||0px||false|false&#8221; global_colors_info=&#8221;{}&#8221;][et_pb_column type=&#8221;4_4&#8243; _builder_version=&#8221;3.25&#8243; custom_padding=&#8221;|||&#8221; global_colors_info=&#8221;{}&#8221; custom_padding__hover=&#8221;|||&#8221;][et_pb_wc_breadcrumb _builder_version=&#8221;3.0.47&#8243; global_colors_info=&#8221;{}&#8221;][\/et_pb_wc_breadcrumb][et_pb_wc_cart_notice _builder_version=&#8221;4.10.2&#8243; body_font=&#8221;Lato||||||||&#8221; body_text_color=&#8221;#603D1D&#8221; body_font_size=&#8221;22px&#8221; background_color=&#8221;#D1B0A5&#8243; custom_button=&#8221;on&#8221; button_text_color=&#8221;#603d1d&#8221; global_colors_info=&#8221;{}&#8221;][\/et_pb_wc_cart_notice][\/et_pb_column][\/et_pb_row][et_pb_row column_structure=&#8221;1_2,1_2&#8243; _builder_version=&#8221;3.25&#8243; background_size=&#8221;initial&#8221; background_position=&#8221;top_left&#8221; background_repeat=&#8221;repeat&#8221; width=&#8221;100%&#8221; custom_padding=&#8221;0px||||false|false&#8221; global_colors_info=&#8221;{}&#8221;][et_pb_column type=&#8221;1_2&#8243; _builder_version=&#8221;3.25&#8243; custom_padding=&#8221;|||&#8221; global_colors_info=&#8221;{}&#8221; custom_padding__hover=&#8221;|||&#8221;][et_pb_wc_images _builder_version=&#8221;3.0.47&#8243; global_colors_info=&#8221;{}&#8221;][\/et_pb_wc_images][\/et_pb_column][et_pb_column type=&#8221;1_2&#8243; _builder_version=&#8221;3.25&#8243; custom_padding=&#8221;|||&#8221; global_colors_info=&#8221;{}&#8221; custom_padding__hover=&#8221;|||&#8221;][et_pb_wc_title _builder_version=&#8221;4.10.2&#8243; header_font=&#8221;Lato||||||||&#8221; header_text_color=&#8221;#603d1d&#8221; global_colors_info=&#8221;{}&#8221;][\/et_pb_wc_title][et_pb_wc_price _builder_version=&#8221;4.10.2&#8243; body_font=&#8221;Lato||||||||&#8221; body_text_color=&#8221;#603d1d&#8221; global_colors_info=&#8221;{}&#8221;][\/et_pb_wc_price][et_pb_wc_description _builder_version=&#8221;3.0.47&#8243; global_colors_info=&#8221;{}&#8221;][\/et_pb_wc_description][et_pb_wc_add_to_cart _builder_version=&#8221;4.10.2&#8243; body_font=&#8221;Lato|700|||||||&#8221; body_text_color=&#8221;#603d1d&#8221; custom_button=&#8221;on&#8221; button_text_color=&#8221;#603d1d&#8221; button_font=&#8221;Lato||||||||&#8221; global_colors_info=&#8221;{}&#8221;][\/et_pb_wc_add_to_cart][et_pb_wc_meta _builder_version=&#8221;3.0.47&#8243; global_colors_info=&#8221;{}&#8221;][\/et_pb_wc_meta][\/et_pb_column][\/et_pb_row][et_pb_row _builder_version=&#8221;3.25&#8243; background_size=&#8221;initial&#8221; background_position=&#8221;top_left&#8221; background_repeat=&#8221;repeat&#8221; width=&#8221;100%&#8221; global_colors_info=&#8221;{}&#8221;][et_pb_column type=&#8221;4_4&#8243; _builder_version=&#8221;3.25&#8243; custom_padding=&#8221;|||&#8221; global_colors_info=&#8221;{}&#8221; custom_padding__hover=&#8221;|||&#8221;][et_pb_wc_tabs _builder_version=&#8221;3.0.47&#8243; global_colors_info=&#8221;{}&#8221;] [\/et_pb_wc_tabs][et_pb_wc_upsells _builder_version=&#8221;3.0.47&#8243; global_colors_info=&#8221;{}&#8221;][\/et_pb_wc_upsells][\/et_pb_column][\/et_pb_row][\/et_pb_section]<\/p>\n","protected":false},"excerpt":{"rendered":"<p>&nbsp;<\/p>\n<p>&nbsp;<\/p>\n","protected":false},"featured_media":15861,"template":"","meta":{"_et_pb_use_builder":"on","_et_pb_old_content":"<h4>ONLINE-KURSSI\u00a0 - Koshien tasapainottaminen<\/h4>\r\n<h4>Kehon kokonaisvaltainen tietoisuus - mieli - tietoisuus<\/h4>\r\n<strong>Sunnuntaina 5.9.2021 klo 18-21 (Suomen aikaa) , kl 17-20 CEST<\/strong>\r\n\r\nFyysisen kehomme lis\u00e4ksi koostumme useista eri kehoista tai kerroksista, sanskritin kielell\u00e4 niit\u00e4 kutsutaan Koshiksi. T\u00e4ll\u00e4 online-kurssilla saat vastaanottaa meditatiivisia prosesseja tasapainottamaan eri kehojamme, jotka muodostavat olemassaolomme. Se auttaa sinua saavuttamaan korkeamman tietoisuuden ja laajemman n\u00e4kemyksen siit\u00e4, kuka olet.\r\n\r\nT\u00e4m\u00e4 Anette Carlstr\u00f6min 3 tunnin ONLINE-KURSSI sis\u00e4lt\u00e4\u00e4:\r\n* Opastettuja syvi\u00e4 meditatiivisia prosesseja ja pyhi\u00e4 mantroja, jotka ohjaavat sinut suuren my\u00f6t\u00e4tuntoisen valon yhteyteen.\r\n* Kultaisen ajan tietoisuusmeditaatio (Golden Age Consciousness Meditation) vahvistaa linjaustasi el\u00e4m\u00e4si korkeimpaan potentiaaliin.\r\n\r\nKurssin kieli on englanti. Kurssi tulkataan suomeksi.\r\nVerkkokurssin hinta: 49 \u20ac\r\nLis\u00e4tietoja ja ilmoittautuminen: <strong>marjo.lampila@gmail.com<\/strong>\r\n\r\n______________________________\r\n<h4>Online Course - Balance Koshas\r\nHolistic Consciousness of Body - Mind - Consciousness<\/h4>\r\nApart from our physical body we consist of various different bodies or layers, in Sanskrit is called Koshas. In this Online Course you will receive meditative processes to balance the different bodies that make up our existence. It will assist you in attaining a higher consciousness and a wider perspective of who you are. This Anette Carlstr\u00f6m\u2019s 3h ONLINE COURSE includes:\r\n<ul>\r\n \t<li>Guided Deep Meditative Processes and Sacred Mantras to move you\u2028 into Alignment with the Great Compassionate Light.<\/li>\r\n \t<li>Golden Age Consciousness Meditation to establish Your Life\u2028in Alignment with your Highest Potential as a Human Being.<\/li>\r\n<\/ul>\r\n<strong>Course language is English.\u2028Translation to Finnish.<\/strong>\r\nPrice of online course: 49\u20ac - Time: kl17-20 CEST , 18-21 Finnish time\r\n\r\nMore information &amp; registration:\u2028<strong>marjo.lampila@gmail.com<\/strong>","_et_gb_content_width":""},"product_brand":[],"product_cat":[20],"product_tag":[],"class_list":{"0":"post-15857","1":"product","2":"type-product","3":"status-publish","4":"has-post-thumbnail","6":"product_cat-course","8":"first","9":"instock","10":"taxable","11":"shipping-taxable","12":"purchasable","13":"product-type-simple"},"_links":{"self":[{"href":"https:\/\/www.anettecarlstrom.com\/home\/wp-json\/wp\/v2\/product\/15857","targetHints":{"allow":["GET"]}}],"collection":[{"href":"https:\/\/www.anettecarlstrom.com\/home\/wp-json\/wp\/v2\/product"}],"about":[{"href":"https:\/\/www.anettecarlstrom.com\/home\/wp-json\/wp\/v2\/types\/product"}],"wp:featuredmedia":[{"embeddable":true,"href":"https:\/\/www.anettecarlstrom.com\/home\/wp-json\/wp\/v2\/media\/15861"}],"wp:attachment":[{"href":"https:\/\/www.anettecarlstrom.com\/home\/wp-json\/wp\/v2\/media?parent=15857"}],"wp:term":[{"taxonomy":"product_brand","embeddable":true,"href":"https:\/\/www.anettecarlstrom.com\/home\/wp-json\/wp\/v2\/product_brand?post=15857"},{"taxonomy":"product_cat","embeddable":true,"href":"https:\/\/www.anettecarlstrom.com\/home\/wp-json\/wp\/v2\/product_cat?post=15857"},{"taxonomy":"product_tag","embeddable":true,"href":"https:\/\/www.anettecarlstrom.com\/home\/wp-json\/wp\/v2\/product_tag?post=15857"}],"curies":[{"name":"wp","href":"https:\/\/api.w.org\/{rel}","templated":true}]}}